{"id":59,"date":"2011-07-30T16:27:51","date_gmt":"2011-07-30T14:27:51","guid":{"rendered":"https:\/\/www.erwinmichielsen.nl\/?page_id=59"},"modified":"2016-11-14T19:08:41","modified_gmt":"2016-11-14T17:08:41","slug":"nieuwsbrief","status":"publish","type":"page","link":"https:\/\/www.erwinmichielsen.nl\/es\/nieuwsbrief\/","title":{"rendered":"Hoja informatira"},"content":{"rendered":"<p><\/p>\n<p class=\"MsoNormal\" style=\"margin: 0cm 0cm 10pt;\"><span style=\"font-family: Calibri; color: #000000;\">Hoja informatira<\/span><\/p>\n<p class=\"MsoNormal\" style=\"margin: 0cm 0cm 10pt;\"><span style=\"font-family: Calibri; color: #000000;\">A trav\u00e9s del formulario adjunto piedes registrarte para acceder a nuestra hoja infomatira.<\/span><\/p>\n<p class=\"MsoNormal\" style=\"margin: 0cm 0cm 10pt;\"><span style=\"font-family: Calibri; color: #000000;\">De esta forma te mantenemos informado de pr\u00f3xima actividades.<\/span><\/p>\n<p class=\"MsoNormal\" style=\"margin: 0cm 0cm 10pt;\"><span style=\"font-family: Calibri; color: #000000;\">Una vez que env\u00edes el formulario, recibir\u00e1s un email de confirmaci\u00f3n.<\/span><\/p>\n<p class=\"MsoNormal\" style=\"margin: 0cm 0cm 10pt;\"><span style=\"font-family: Calibri; color: #000000;\">Lea atentamente este email para confimar su inscripci\u00f3n.<\/span><\/p>\n<p>[ALO-EASYMAIL-PAGE]<\/p>","protected":false},"excerpt":{"rendered":"<p>Hoja informatira A trav\u00e9s del formulario adjunto piedes registrarte para acceder a nuestra hoja infomatira. De esta forma te mantenemos informado de pr\u00f3xima actividades. Una vez que env\u00edes el formulario, recibir\u00e1s un email de confirmaci\u00f3n. Lea atentamente este email para &hellip; <a class=\"more-link\" href=\"https:\/\/www.erwinmichielsen.nl\/es\/nieuwsbrief\/\">Lees verder \u2192<\/a><\/p>\n","protected":false},"author":1,"featured_media":0,"parent":0,"menu_order":8,"comment_status":"open","ping_status":"closed","template":"","meta":[],"_links":{"self":[{"href":"https:\/\/www.erwinmichielsen.nl\/es\/wp-json\/wp\/v2\/pages\/59"}],"collection":[{"href":"https:\/\/www.erwinmichielsen.nl\/es\/wp-json\/wp\/v2\/pages"}],"about":[{"href":"https:\/\/www.erwinmichielsen.nl\/es\/wp-json\/wp\/v2\/types\/page"}],"author":[{"embeddable":true,"href":"https:\/\/www.erwinmichielsen.nl\/es\/wp-json\/wp\/v2\/users\/1"}],"replies":[{"embeddable":true,"href":"https:\/\/www.erwinmichielsen.nl\/es\/wp-json\/wp\/v2\/comments?post=59"}],"version-history":[{"count":26,"href":"https:\/\/www.erwinmichielsen.nl\/es\/wp-json\/wp\/v2\/pages\/59\/revisions"}],"predecessor-version":[{"id":1125,"href":"https:\/\/www.erwinmichielsen.nl\/es\/wp-json\/wp\/v2\/pages\/59\/revisions\/1125"}],"wp:attachment":[{"href":"https:\/\/www.erwinmichielsen.nl\/es\/wp-json\/wp\/v2\/media?parent=59"}],"curies":[{"name":"wp","href":"https:\/\/api.w.org\/{rel}","templated":true}]}}