{"id":54,"date":"2011-07-30T16:27:16","date_gmt":"2011-07-30T14:27:16","guid":{"rendered":"https:\/\/www.erwinmichielsen.nl\/?page_id=54"},"modified":"2025-08-27T11:07:25","modified_gmt":"2025-08-27T09:07:25","slug":"biografie","status":"publish","type":"page","link":"https:\/\/www.erwinmichielsen.nl\/es\/biografie\/","title":{"rendered":"biografia"},"content":{"rendered":"<p>Biografia de Erwin Michielsen.<\/p>\n<p>Erwin Michielsen nace el 28 de junio de 1959 en Weert. Consigue el grado m\u00e1s alto en el arte floral (maestro de formaci\u00f3n en Vught, Hollanda) para posteriormente seguit los estudios de profesorado (H.A.S. en S\u2019Hertogenbosch Hollanda).<\/p>\n<p>Erwin est\u00e1 estrechamente ligado durante 20 a\u00f1os al centro Heloconopleidig en Vught Hollanda, donde, entre otras cosas imparte clases de dise\u00f1o floral ehistoria del arte. A partir de aqu\u00ed, su pasi\u00f3n par el arte ya no tiene l\u00edmites.<\/p>\n<p>En 1995 abre junto a su pareja Ger Hoebers una galer\u00eda en Horst Lb Hollanda combinan el dise\u00f1o floral y el arte de \u201cglasdesign en mixed media\u201d (combinaci\u00f3n de materiales org\u00e1nicos donde textura asume un protagonismo especial en contraste con trabajos tridimensionales).<\/p>\n<p>En el ano 2000 se abren las puertas del teatro privado \u201cTh\u00e9\u00e2tre Floral\u201d y durante 10 a\u00f1os dan representaciones art\u00edsticas donde todo gira alrededor de la vida.<\/p>\n<p>No solo como autodidacta pero tambi\u00e9n tras la exitosa clausura de \u201cschone kunsten\u201den B\u00e9lgica, consique Michielsen su forma de expresi\u00f3n en el campo bi-dimensional.<\/p>\n<p>Lientos multidores llenos de emoti\u00f3n nos dirigen, entre otras cosas, a su pasado. Todos sus trabajos irradian una completa visi\u00f3n, muy personal y sensible desde el a\u00f1o 2000.<\/p>","protected":false},"excerpt":{"rendered":"<p>Biografia de Erwin Michielsen. Erwin Michielsen nace el 28 de junio de 1959 en Weert. Consigue el grado m\u00e1s alto en el arte floral (maestro de formaci\u00f3n en Vught, Hollanda) para posteriormente seguit los estudios de profesorado (H.A.S. en S\u2019Hertogenbosch &hellip; <a class=\"more-link\" href=\"https:\/\/www.erwinmichielsen.nl\/es\/biografie\/\">Lees verder \u2192<\/a><\/p>\n","protected":false},"author":1,"featured_media":0,"parent":0,"menu_order":3,"comment_status":"open","ping_status":"closed","template":"","meta":[],"_links":{"self":[{"href":"https:\/\/www.erwinmichielsen.nl\/es\/wp-json\/wp\/v2\/pages\/54"}],"collection":[{"href":"https:\/\/www.erwinmichielsen.nl\/es\/wp-json\/wp\/v2\/pages"}],"about":[{"href":"https:\/\/www.erwinmichielsen.nl\/es\/wp-json\/wp\/v2\/types\/page"}],"author":[{"embeddable":true,"href":"https:\/\/www.erwinmichielsen.nl\/es\/wp-json\/wp\/v2\/users\/1"}],"replies":[{"embeddable":true,"href":"https:\/\/www.erwinmichielsen.nl\/es\/wp-json\/wp\/v2\/comments?post=54"}],"version-history":[{"count":30,"href":"https:\/\/www.erwinmichielsen.nl\/es\/wp-json\/wp\/v2\/pages\/54\/revisions"}],"predecessor-version":[{"id":1681,"href":"https:\/\/www.erwinmichielsen.nl\/es\/wp-json\/wp\/v2\/pages\/54\/revisions\/1681"}],"wp:attachment":[{"href":"https:\/\/www.erwinmichielsen.nl\/es\/wp-json\/wp\/v2\/media?parent=54"}],"curies":[{"name":"wp","href":"https:\/\/api.w.org\/{rel}","templated":true}]}}