{"id":48,"date":"2011-07-30T16:26:15","date_gmt":"2011-07-30T14:26:15","guid":{"rendered":"https:\/\/www.erwinmichielsen.nl\/?page_id=48"},"modified":"2024-07-07T13:55:12","modified_gmt":"2024-07-07T11:55:12","slug":"de-kunstenaar","status":"publish","type":"page","link":"https:\/\/www.erwinmichielsen.nl\/es\/de-kunstenaar\/","title":{"rendered":"el Artista"},"content":{"rendered":"<p>el artista<a href=\"https:\/\/www.erwinmichielsen.nl\/wp-content\/uploads\/Erwin-knoppenfoto-gk.jpg\" rel=\"lightbox[48]\"><img loading=\"lazy\" class=\"alignright size-medium wp-image-194\" title=\"Erwin\" src=\"https:\/\/www.erwinmichielsen.nl\/wp-content\/uploads\/Erwin-knoppenfoto-gk-300x200.jpg\" alt=\"\" width=\"380\" height=\"272\" \/><\/a><\/p>\n<p>Obras Michielsen y pinta con una l\u00ednea expresiva caracteriza<\/p>\n<p>por un car\u00e1cter org\u00e1nico.<\/p>\n<p>Su arte representa la vida experiencias teatrales y encuentros.<\/p>\n<p>Las obras en su mayor\u00eda de colores de la escritura son din\u00e1micos.<\/p>\n<p>No el principio, desde el cual, es importante, pero despu\u00e9s de piso, donde tiene lugar el cambio,<\/p>\n<p>resultados en sus expresiones en los dos &#8211; y plano tridimensional (t\u00e9cnica mixta).<\/p>\n<p>De gran importancia es la potencia, velocidad, fuerza y \u200b\u200bvelocidad, que captura el resultado final.<\/p>\n<p>Sigue el camino de sus emociones<\/p>","protected":false},"excerpt":{"rendered":"<p>el artista Obras Michielsen y pinta con una l\u00ednea expresiva caracteriza por un car\u00e1cter org\u00e1nico. Su arte representa la vida experiencias teatrales y encuentros. Las obras en su mayor\u00eda de colores de la escritura son din\u00e1micos. No el principio, desde &hellip; <a class=\"more-link\" href=\"https:\/\/www.erwinmichielsen.nl\/es\/de-kunstenaar\/\">Lees verder \u2192<\/a><\/p>\n","protected":false},"author":1,"featured_media":0,"parent":0,"menu_order":2,"comment_status":"open","ping_status":"closed","template":"","meta":[],"_links":{"self":[{"href":"https:\/\/www.erwinmichielsen.nl\/es\/wp-json\/wp\/v2\/pages\/48"}],"collection":[{"href":"https:\/\/www.erwinmichielsen.nl\/es\/wp-json\/wp\/v2\/pages"}],"about":[{"href":"https:\/\/www.erwinmichielsen.nl\/es\/wp-json\/wp\/v2\/types\/page"}],"author":[{"embeddable":true,"href":"https:\/\/www.erwinmichielsen.nl\/es\/wp-json\/wp\/v2\/users\/1"}],"replies":[{"embeddable":true,"href":"https:\/\/www.erwinmichielsen.nl\/es\/wp-json\/wp\/v2\/comments?post=48"}],"version-history":[{"count":27,"href":"https:\/\/www.erwinmichielsen.nl\/es\/wp-json\/wp\/v2\/pages\/48\/revisions"}],"predecessor-version":[{"id":1616,"href":"https:\/\/www.erwinmichielsen.nl\/es\/wp-json\/wp\/v2\/pages\/48\/revisions\/1616"}],"wp:attachment":[{"href":"https:\/\/www.erwinmichielsen.nl\/es\/wp-json\/wp\/v2\/media?parent=48"}],"curies":[{"name":"wp","href":"https:\/\/api.w.org\/{rel}","templated":true}]}}