{"id":11,"date":"2011-07-06T12:11:01","date_gmt":"2011-07-06T10:11:01","guid":{"rendered":"https:\/\/www.erwinmichielsen.nl\/?page_id=11"},"modified":"2025-12-17T12:19:37","modified_gmt":"2025-12-17T11:19:37","slug":"home","status":"publish","type":"page","link":"https:\/\/www.erwinmichielsen.nl\/es\/","title":{"rendered":"Casa"},"content":{"rendered":"<p>Bienvenido a la p\u00e1gina web de Erwin Michielsen,<\/p>\n<div id=\"attachment_1106\" style=\"width: 232px\" class=\"wp-caption alignright\"><img aria-describedby=\"caption-attachment-1106\" loading=\"lazy\" class=\" wp-image-1106\" src=\"https:\/\/www.erwinmichielsen.nl\/wp-content\/uploads\/Erwin-site-klein.jpg\" alt=\"\" width=\"222\" height=\"333\" srcset=\"https:\/\/www.erwinmichielsen.nl\/wp-content\/uploads\/Erwin-site-klein.jpg 400w, https:\/\/www.erwinmichielsen.nl\/wp-content\/uploads\/Erwin-site-klein-200x300.jpg 200w\" sizes=\"(max-width: 222px) 100vw, 222px\" \/><p id=\"caption-attachment-1106\" class=\"wp-caption-text\">Erwin Michielsen<\/p><\/div>\n<p><strong>erwinmichielsen.nl<\/strong><\/p>\n<p>&nbsp;<\/p>\n<p>&nbsp;<\/p>\n<p>&nbsp;<\/p>\n<p>&nbsp;<\/p>\n<p>&nbsp;<\/p>\n<p>A continuaci\u00f3n, una impresi\u00f3n de mi \u00faltima exposici\u00f3n en Espa\u00f1a<iframe loading=\"lazy\" title=\"YouTube video player\" src=\"https:\/\/www.youtube.com\/embed\/CoGF3n2oYwU?si=fAqclxa46AStzV5-\" width=\"560\" height=\"315\" frameborder=\"0\" allowfullscreen=\"allowfullscreen\"><\/iframe><\/p>\n<p><em><strong>Mis obras cuentan historias de colores<\/strong><\/em><\/p>\n<p>&nbsp;<\/p>","protected":false},"excerpt":{"rendered":"<p>Bienvenido a la p\u00e1gina web de Erwin Michielsen, erwinmichielsen.nl &nbsp; &nbsp; &nbsp; &nbsp; &nbsp; A continuaci\u00f3n, una impresi\u00f3n de mi \u00faltima exposici\u00f3n en Espa\u00f1a Mis obras cuentan historias de colores &nbsp;<\/p>\n","protected":false},"author":1,"featured_media":0,"parent":0,"menu_order":0,"comment_status":"open","ping_status":"closed","template":"","meta":[],"_links":{"self":[{"href":"https:\/\/www.erwinmichielsen.nl\/es\/wp-json\/wp\/v2\/pages\/11"}],"collection":[{"href":"https:\/\/www.erwinmichielsen.nl\/es\/wp-json\/wp\/v2\/pages"}],"about":[{"href":"https:\/\/www.erwinmichielsen.nl\/es\/wp-json\/wp\/v2\/types\/page"}],"author":[{"embeddable":true,"href":"https:\/\/www.erwinmichielsen.nl\/es\/wp-json\/wp\/v2\/users\/1"}],"replies":[{"embeddable":true,"href":"https:\/\/www.erwinmichielsen.nl\/es\/wp-json\/wp\/v2\/comments?post=11"}],"version-history":[{"count":206,"href":"https:\/\/www.erwinmichielsen.nl\/es\/wp-json\/wp\/v2\/pages\/11\/revisions"}],"predecessor-version":[{"id":1685,"href":"https:\/\/www.erwinmichielsen.nl\/es\/wp-json\/wp\/v2\/pages\/11\/revisions\/1685"}],"wp:attachment":[{"href":"https:\/\/www.erwinmichielsen.nl\/es\/wp-json\/wp\/v2\/media?parent=11"}],"curies":[{"name":"wp","href":"https:\/\/api.w.org\/{rel}","templated":true}]}}