{"id":54,"date":"2011-07-30T16:27:16","date_gmt":"2011-07-30T14:27:16","guid":{"rendered":"https:\/\/www.erwinmichielsen.nl\/?page_id=54"},"modified":"2025-08-27T11:07:25","modified_gmt":"2025-08-27T09:07:25","slug":"biografie","status":"publish","type":"page","link":"https:\/\/www.erwinmichielsen.nl\/de\/biografie\/","title":{"rendered":"biographie1"},"content":{"rendered":"<p>Biografie Erwin Michielsen<\/p>\n<p>Erwin Michielsen, geboren 28. Juni 1959 in Weert, nachdem er das Gymnasium, das h\u00f6chste Niveau in Blumenkunst (Master Ausbildung Vught) erhalten. Gefolgt von dem Lehrer (HAS in &#8217;s Hertogenbosch.<\/p>\n<p>Erwin nach 20 Jahren als Dozent an der Helicon trainiert in Vught, wo er lehrte Kunstgeschichte und umfassen Blumenkunst. Seine Leidenschaft f\u00fcr die Kunst wuchs stetig.<\/p>\n<p>Im Jahr 1995 er\u00f6ffnete er mit seinem Lebenspartner Ger Hoebers eine Galerie in Horst LB, Blumenarrangements, Glasdesign und mixed media (Kombination von Malerei und organischen Materialien, in denen die Textur die Kontrastwirkung des 3-dimensionalen Arbeiten bestimmt ) .<\/p>\n<p>Im Jahr 2000, die T\u00fcren zu den privaten Theater Th\u00e9\u00e2tre Floral \u00f6ffnen. Michielsen Hoebers und geben 10 Jahre k\u00fcnstlerische Darbietungen, wobei alles um erleben dreht.<\/p>\n<p>Nicht nur als Autodidakt, aber auch nach dem erfolgreichen Abschluss der Akademie der Sch\u00f6nen K\u00fcnste von Belgien, druckt Michielsen sich aus in der zweidimensionalen Ebene. Bunte Bilder voller Emotionen verweisen unter anderem nach seine Vergangenheit. Theatrical Kompositionen mit eigenen Visionen und Emotionen sind ein wichtiger Aspekt seiner Arbeit seit 2000.<\/p>","protected":false},"excerpt":{"rendered":"<p>Biografie Erwin Michielsen Erwin Michielsen, geboren 28. Juni 1959 in Weert, nachdem er das Gymnasium, das h\u00f6chste Niveau in Blumenkunst (Master Ausbildung Vught) erhalten. Gefolgt von dem Lehrer (HAS in &#8217;s Hertogenbosch. Erwin nach 20 Jahren als Dozent an der &hellip; <a class=\"more-link\" href=\"https:\/\/www.erwinmichielsen.nl\/de\/biografie\/\">Lees verder \u2192<\/a><\/p>\n","protected":false},"author":1,"featured_media":0,"parent":0,"menu_order":3,"comment_status":"open","ping_status":"closed","template":"","meta":[],"_links":{"self":[{"href":"https:\/\/www.erwinmichielsen.nl\/de\/wp-json\/wp\/v2\/pages\/54"}],"collection":[{"href":"https:\/\/www.erwinmichielsen.nl\/de\/wp-json\/wp\/v2\/pages"}],"about":[{"href":"https:\/\/www.erwinmichielsen.nl\/de\/wp-json\/wp\/v2\/types\/page"}],"author":[{"embeddable":true,"href":"https:\/\/www.erwinmichielsen.nl\/de\/wp-json\/wp\/v2\/users\/1"}],"replies":[{"embeddable":true,"href":"https:\/\/www.erwinmichielsen.nl\/de\/wp-json\/wp\/v2\/comments?post=54"}],"version-history":[{"count":30,"href":"https:\/\/www.erwinmichielsen.nl\/de\/wp-json\/wp\/v2\/pages\/54\/revisions"}],"predecessor-version":[{"id":1681,"href":"https:\/\/www.erwinmichielsen.nl\/de\/wp-json\/wp\/v2\/pages\/54\/revisions\/1681"}],"wp:attachment":[{"href":"https:\/\/www.erwinmichielsen.nl\/de\/wp-json\/wp\/v2\/media?parent=54"}],"curies":[{"name":"wp","href":"https:\/\/api.w.org\/{rel}","templated":true}]}}