{"id":48,"date":"2011-07-30T16:26:15","date_gmt":"2011-07-30T14:26:15","guid":{"rendered":"https:\/\/www.erwinmichielsen.nl\/?page_id=48"},"modified":"2024-07-07T13:55:12","modified_gmt":"2024-07-07T11:55:12","slug":"de-kunstenaar","status":"publish","type":"page","link":"https:\/\/www.erwinmichielsen.nl\/de\/de-kunstenaar\/","title":{"rendered":"der K\u00fcnstler"},"content":{"rendered":"<p>&nbsp;<\/p>\n<p>Der K\u00fcnstler<a href=\"https:\/\/www.erwinmichielsen.nl\/wp-content\/uploads\/Erwin-knoppenfoto-gk.jpg\" rel=\"lightbox[48]\"><img loading=\"lazy\" class=\"alignright size-medium wp-image-194\" title=\"Erwin\" src=\"https:\/\/www.erwinmichielsen.nl\/wp-content\/uploads\/Erwin-knoppenfoto-gk-300x200.jpg\" alt=\"\" width=\"348\" height=\"223\" \/><\/a><\/p>\n<p>Michielsen arbeitet expressiv. Der organische Charakter seiner Linienf\u00fchrung zeichnet seine Malerei aus.<\/p>\n<p>Seine Werke spiegeln Lebenserfahrungen und Begegnungen auf theatralische Art und Weise wider.<\/p>\n<p>Die zumeist farbreichen Werke sind dynamisch in ihrem Pinself\u00fchrung.<\/p>\n<p>Nicht der Ausgangspunkt ist von Bedeutung, es ist die Tiefe, in der der Ver\u00e4nderungsprozess geschieht, der das Resultat auf einer zwei- oder dreidimensionalen Ebene (Mixed Media) bringt.<\/p>\n<p>Die Energie, Geschwindigkeit, Kraft und die Schnelligkeit ( oder vielleicht Spontanit\u00e4t?) sind von gro\u00dfer Wichtigkeit und zeichnen das endg\u00fcltige Resultat aus.<\/p>\n<p>Er folgt dabei seinen Emotionen.<\/p>","protected":false},"excerpt":{"rendered":"<p>&nbsp; Der K\u00fcnstler Michielsen arbeitet expressiv. Der organische Charakter seiner Linienf\u00fchrung zeichnet seine Malerei aus. Seine Werke spiegeln Lebenserfahrungen und Begegnungen auf theatralische Art und Weise wider. Die zumeist farbreichen Werke sind dynamisch in ihrem Pinself\u00fchrung. Nicht der Ausgangspunkt ist &hellip; <a class=\"more-link\" href=\"https:\/\/www.erwinmichielsen.nl\/de\/de-kunstenaar\/\">Lees verder \u2192<\/a><\/p>\n","protected":false},"author":1,"featured_media":0,"parent":0,"menu_order":2,"comment_status":"open","ping_status":"closed","template":"","meta":[],"_links":{"self":[{"href":"https:\/\/www.erwinmichielsen.nl\/de\/wp-json\/wp\/v2\/pages\/48"}],"collection":[{"href":"https:\/\/www.erwinmichielsen.nl\/de\/wp-json\/wp\/v2\/pages"}],"about":[{"href":"https:\/\/www.erwinmichielsen.nl\/de\/wp-json\/wp\/v2\/types\/page"}],"author":[{"embeddable":true,"href":"https:\/\/www.erwinmichielsen.nl\/de\/wp-json\/wp\/v2\/users\/1"}],"replies":[{"embeddable":true,"href":"https:\/\/www.erwinmichielsen.nl\/de\/wp-json\/wp\/v2\/comments?post=48"}],"version-history":[{"count":27,"href":"https:\/\/www.erwinmichielsen.nl\/de\/wp-json\/wp\/v2\/pages\/48\/revisions"}],"predecessor-version":[{"id":1616,"href":"https:\/\/www.erwinmichielsen.nl\/de\/wp-json\/wp\/v2\/pages\/48\/revisions\/1616"}],"wp:attachment":[{"href":"https:\/\/www.erwinmichielsen.nl\/de\/wp-json\/wp\/v2\/media?parent=48"}],"curies":[{"name":"wp","href":"https:\/\/api.w.org\/{rel}","templated":true}]}}